{"id":142,"date":"2025-04-23T16:42:22","date_gmt":"2025-04-23T14:42:22","guid":{"rendered":"https:\/\/casabeaute.fr\/?page_id=142"},"modified":"2025-05-23T11:26:39","modified_gmt":"2025-05-23T09:26:39","slug":"a-propos","status":"publish","type":"page","link":"https:\/\/casabeaute.fr\/index.php\/a-propos\/","title":{"rendered":"\u00c0 propos"},"content":{"rendered":"<p>[et_pb_section fb_built=\u00a0\u00bb1&Prime; admin_label=\u00a0\u00bbHeader\u00a0\u00bb _builder_version=\u00a0\u00bb4.27.4&Prime; _module_preset=\u00a0\u00bbdefault\u00a0\u00bb background_image=\u00a0\u00bbhttps:\/\/casabeaute.fr\/wp-content\/uploads\/2025\/05\/casa-beaute-epilation-laser-homme-femme-toulouse.jpg\u00a0\u00bb custom_padding=\u00a0\u00bb0px||0px||true|false\u00a0\u00bb locked=\u00a0\u00bboff\u00a0\u00bb collapsed=\u00a0\u00bbon\u00a0\u00bb global_colors_info=\u00a0\u00bb{}\u00a0\u00bb][et_pb_row column_structure=\u00a0\u00bb1_2,1_2&Prime; use_custom_gutter=\u00a0\u00bbon\u00a0\u00bb gutter_width=\u00a0\u00bb1&Prime; make_equal=\u00a0\u00bbon\u00a0\u00bb _builder_version=\u00a0\u00bb4.27.4&Prime; _module_preset=\u00a0\u00bbdefault\u00a0\u00bb background_enable_color=\u00a0\u00bboff\u00a0\u00bb width=\u00a0\u00bb100%\u00a0\u00bb max_width=\u00a0\u00bb100%\u00a0\u00bb custom_padding=\u00a0\u00bb0px||0px||true|false\u00a0\u00bb global_colors_info=\u00a0\u00bb{}\u00a0\u00bb][et_pb_column type=\u00a0\u00bb1_2&Prime; _builder_version=\u00a0\u00bb4.27.4&Prime; _module_preset=\u00a0\u00bbdefault\u00a0\u00bb background_enable_image=\u00a0\u00bboff\u00a0\u00bb custom_padding=\u00a0\u00bb10%|4%|10%|8%|true|false\u00a0\u00bb global_colors_info=\u00a0\u00bb{}\u00a0\u00bb][et_pb_text _builder_version=\u00a0\u00bb4.27.4&Prime; _module_preset=\u00a0\u00bbe6504a1b-67eb-4b3d-b023-bcab277610b6&Prime; header_4_font=\u00a0\u00bbAmiri|700||on|||||\u00a0\u00bb header_4_text_color=\u00a0\u00bb#FFFFFF\u00a0\u00bb header_4_font_size=\u00a0\u00bb16px\u00a0\u00bb header_4_line_height=\u00a0\u00bb1.5em\u00a0\u00bb custom_margin=\u00a0\u00bb235px||13px||false|false\u00a0\u00bb global_colors_info=\u00a0\u00bb{}\u00a0\u00bb]<\/p>\n<h4 data-prosemirror-content-type=\"node\" data-prosemirror-node-name=\"paragraph\" data-prosemirror-node-block=\"true\" data-pm-slice=\"1 1 []\">L&rsquo;expertise d\u2019une infirmi\u00e8re, au service de votre peau<\/h4>\n<p>[\/et_pb_text][et_pb_text _builder_version=\u00a0\u00bb4.27.4&Prime; _module_preset=\u00a0\u00bbc16985e1-e0d6-4022-964d-e2bfc04fa633&Prime; header_font=\u00a0\u00bbAmiri|||on|||||\u00a0\u00bb header_text_color=\u00a0\u00bb#FFFFFF\u00a0\u00bb header_font_size=\u00a0\u00bb40px\u00a0\u00bb header_line_height=\u00a0\u00bb1.1em\u00a0\u00bb custom_margin=\u00a0\u00bb||30px||false|false\u00a0\u00bb header_font_size_tablet=\u00a0\u00bb40px\u00a0\u00bb header_font_size_phone=\u00a0\u00bb24px\u00a0\u00bb header_font_size_last_edited=\u00a0\u00bbon|desktop\u00a0\u00bb global_colors_info=\u00a0\u00bb{}\u00a0\u00bb]<\/p>\n<h1 data-prosemirror-content-type=\"node\" data-prosemirror-node-name=\"paragraph\" data-prosemirror-node-block=\"true\" data-pm-slice=\"1 1 []\">Bienvenue chez Casa beaut\u00e9, un espace rien que pour vous<\/h1>\n<p>[\/et_pb_text][et_pb_button button_url=\u00a0\u00bbhttps:\/\/www.planity.com\/casa-beaute-31000-toulouse\u00a0\u00bb button_text=\u00a0\u00bbPrendre rendez-vous\u00a0\u00bb _builder_version=\u00a0\u00bb4.27.4&Prime; _module_preset=\u00a0\u00bb31b4f027-aaa0-4f2f-ae02-959764e19e4f\u00a0\u00bb custom_button=\u00a0\u00bbon\u00a0\u00bb button_text_size=\u00a0\u00bb16px\u00a0\u00bb button_text_color=\u00a0\u00bb#FFFFFF\u00a0\u00bb button_bg_color=\u00a0\u00bb#DBC8B0&Prime; button_border_width=\u00a0\u00bb0px\u00a0\u00bb button_border_radius=\u00a0\u00bb0px\u00a0\u00bb button_font=\u00a0\u00bbAmiri|700||on|||||\u00a0\u00bb button_icon=\u00a0\u00bb&#xe030;||divi||400&Prime; button_icon_color=\u00a0\u00bb#FFFFFF\u00a0\u00bb custom_margin=\u00a0\u00bb-17px||-66px||false|false\u00a0\u00bb custom_padding=\u00a0\u00bb16px|24px|16px|24px|true|true\u00a0\u00bb button_text_size_tablet=\u00a0\u00bb16px\u00a0\u00bb button_text_size_phone=\u00a0\u00bb14px\u00a0\u00bb button_text_size_last_edited=\u00a0\u00bbon|phone\u00a0\u00bb global_colors_info=\u00a0\u00bb{}\u00a0\u00bb][\/et_pb_button][\/et_pb_column][et_pb_column type=\u00a0\u00bb1_2&Prime; _builder_version=\u00a0\u00bb4.27.4&Prime; _module_preset=\u00a0\u00bbdefault\u00a0\u00bb background_enable_image=\u00a0\u00bboff\u00a0\u00bb global_colors_info=\u00a0\u00bb{}\u00a0\u00bb][et_pb_divider show_divider=\u00a0\u00bboff\u00a0\u00bb _builder_version=\u00a0\u00bb4.18.0&Prime; _module_preset=\u00a0\u00bbdefault\u00a0\u00bb height_tablet=\u00a0\u00bb40vw\u00a0\u00bb height_phone=\u00a0\u00bb40vw\u00a0\u00bb height_last_edited=\u00a0\u00bbon|desktop\u00a0\u00bb global_colors_info=\u00a0\u00bb{}\u00a0\u00bb][\/et_pb_divider][et_pb_image src=\u00a0\u00bbhttps:\/\/casabeaute.fr\/wp-content\/uploads\/2025\/04\/MONOGRAMME_BLANC.png\u00a0\u00bb title_text=\u00a0\u00bbMONOGRAMME_BLANC\u00a0\u00bb disabled_on=\u00a0\u00bbon|off|off\u00a0\u00bb _builder_version=\u00a0\u00bb4.27.4&Prime; _module_preset=\u00a0\u00bbdefault\u00a0\u00bb positioning=\u00a0\u00bbabsolute\u00a0\u00bb position_origin_a=\u00a0\u00bbbottom_right\u00a0\u00bb vertical_offset=\u00a0\u00bb28%\u00a0\u00bb horizontal_offset=\u00a0\u00bb39%\u00a0\u00bb width=\u00a0\u00bb161px\u00a0\u00bb custom_margin=\u00a0\u00bb-275px|||-95px|false|false\u00a0\u00bb custom_padding=\u00a0\u00bb0px||||false|false\u00a0\u00bb scroll_vertical_motion_enable=\u00a0\u00bbon\u00a0\u00bb global_colors_info=\u00a0\u00bb{}\u00a0\u00bb][\/et_pb_image][\/et_pb_column][\/et_pb_row][\/et_pb_section][et_pb_section fb_built=\u00a0\u00bb1&Prime; _builder_version=\u00a0\u00bb4.27.4&Prime; _module_preset=\u00a0\u00bbdefault\u00a0\u00bb background_enable_color=\u00a0\u00bboff\u00a0\u00bb global_colors_info=\u00a0\u00bb{}\u00a0\u00bb][et_pb_row column_structure=\u00a0\u00bb1_2,1_2&Prime; _builder_version=\u00a0\u00bb4.27.4&Prime; _module_preset=\u00a0\u00bbdefault\u00a0\u00bb global_colors_info=\u00a0\u00bb{}\u00a0\u00bb][et_pb_column type=\u00a0\u00bb1_2&Prime; _builder_version=\u00a0\u00bb4.27.4&Prime; _module_preset=\u00a0\u00bbdefault\u00a0\u00bb global_colors_info=\u00a0\u00bb{}\u00a0\u00bb][et_pb_text _builder_version=\u00a0\u00bb4.27.4&Prime; _module_preset=\u00a0\u00bbdefault\u00a0\u00bb text_font=\u00a0\u00bbAmiri||||||||\u00a0\u00bb text_text_color=\u00a0\u00bb#000000&Prime; text_font_size=\u00a0\u00bb17px\u00a0\u00bb text_orientation=\u00a0\u00bbjustified\u00a0\u00bb global_colors_info=\u00a0\u00bb{}\u00a0\u00bb]<\/p>\n<p data-renderer-start-pos=\"3\">Bonjour, moi c\u2019est Rozenn.<\/p>\n<p data-renderer-start-pos=\"31\">Depuis toute petite, j\u2019ai toujours \u00e9t\u00e9 fascin\u00e9e par l\u2019univers de l\u2019esth\u00e9tique. Ce monde du soin, du beau, du d\u00e9tail\u2026 Il m\u2019attirait, sans que je sache encore exactement pourquoi. Plus tard, c\u2019est vers le m\u00e9tier d\u2019infirmi\u00e8re que je me suis naturellement tourn\u00e9e. Prendre soin des autres, accompagner, \u00e9couter, comprendre\u2026 C\u2019\u00e9tait une \u00e9vidence. Et ce lien entre soin, technique et bienveillance m\u2019a profond\u00e9ment marqu\u00e9e.<\/p>\n<p data-renderer-start-pos=\"450\">Mais avec le temps, j\u2019ai ressenti le besoin d\u2019aligner encore davantage ce que je fais avec ce que je suis. J\u2019avais envie de cr\u00e9er un espace \u00e0 moi, \u00e0 mon image. Un lieu o\u00f9 je pourrais m\u00ealer mon savoir-faire m\u00e9dical \u00e0 un univers de douceur, de confiance, et de beaut\u00e9. Un endroit o\u00f9 chaque personne se sentirait \u00e9cout\u00e9e, respect\u00e9e, et surtout comprise dans son unicit\u00e9.<\/p>\n<p data-renderer-start-pos=\"819\">Aujourd\u2019hui, c\u2019est ce que je vous propose \u00e0 travers <strong data-renderer-mark=\"true\">Casa Beaut\u00e9<\/strong>. Dans cet espace intime et chaleureux, au c\u0153ur de Toulouse, je vous accueille pour des soins personnalis\u00e9s, pens\u00e9s pour vous. Parce que pour moi, chaque soin va bien au-del\u00e0 de l\u2019esth\u00e9tique : c\u2019est un moment pour soi, un moment o\u00f9 l\u2019on se reconnecte \u00e0 son corps, \u00e0 sa peau, \u00e0 sa confiance.<\/p>\n<p data-renderer-start-pos=\"1174\">Je m\u2019engage \u00e0 vous accompagner avec bienveillance, en toute s\u00e9curit\u00e9, dans le respect de vos besoins et de votre rythme. Mon approche repose sur l\u2019\u00e9coute, le soin juste, et l\u2019envie sinc\u00e8re de vous offrir une exp\u00e9rience unique.<\/p>\n<p data-renderer-start-pos=\"1402\">Pour affiner mon expertise, j\u2019ai eu la chance de me former \u00e0 Monaco aupr\u00e8s de professionnels reconnus, dans les nouvelles technologies esth\u00e9tiques. J\u2019ai \u00e9galement obtenu un dipl\u00f4me universitaire \u00e0 l\u2019Universit\u00e9 Paris-Est Cr\u00e9teil (UPEC), qui m\u2019a permis d\u2019approfondir mes connaissances des soins esth\u00e9tiques sous un angle plus m\u00e9dical et scientifique. Ces exp\u00e9riences m\u2019ont enrichie, et me permettent aujourd\u2019hui de vous proposer des soins \u00e0 la fois efficaces, s\u00fbrs, et profond\u00e9ment humains.<\/p>\n<p>[\/et_pb_text][et_pb_image src=\u00a0\u00bbhttps:\/\/casabeaute.fr\/wp-content\/uploads\/2025\/05\/Plan-de-travail-6@4x.png\u00a0\u00bb title_text=\u00a0\u00bbPlan de travail 6@4x\u00a0\u00bb align=\u00a0\u00bbright\u00a0\u00bb _builder_version=\u00a0\u00bb4.27.4&Prime; _module_preset=\u00a0\u00bbdefault\u00a0\u00bb width=\u00a0\u00bb28%\u00a0\u00bb global_colors_info=\u00a0\u00bb{}\u00a0\u00bb][\/et_pb_image][\/et_pb_column][et_pb_column type=\u00a0\u00bb1_2&Prime; _builder_version=\u00a0\u00bb4.27.4&Prime; _module_preset=\u00a0\u00bbdefault\u00a0\u00bb global_colors_info=\u00a0\u00bb{}\u00a0\u00bb][et_pb_image src=\u00a0\u00bbhttps:\/\/casabeaute.fr\/wp-content\/uploads\/2025\/04\/casa-beaute-toulouse-epilation-laser-corps-visage-electrolyse_-34.jpg\u00a0\u00bb title_text=\u00a0\u00bbcasa-beaute-toulouse-epilation-laser-corps-visage-electrolyse_-34&Prime; _builder_version=\u00a0\u00bb4.27.4&Prime; _module_preset=\u00a0\u00bbdefault\u00a0\u00bb global_colors_info=\u00a0\u00bb{}\u00a0\u00bb][\/et_pb_image][\/et_pb_column][\/et_pb_row][\/et_pb_section][et_pb_section fb_built=\u00a0\u00bb1&Prime; admin_label=\u00a0\u00bbHeader\u00a0\u00bb _builder_version=\u00a0\u00bb4.27.4&Prime; _module_preset=\u00a0\u00bbdefault\u00a0\u00bb custom_padding=\u00a0\u00bb0px||0px||true|false\u00a0\u00bb locked=\u00a0\u00bboff\u00a0\u00bb collapsed=\u00a0\u00bbon\u00a0\u00bb global_colors_info=\u00a0\u00bb{}\u00a0\u00bb][et_pb_row column_structure=\u00a0\u00bb1_2,1_2&Prime; use_custom_gutter=\u00a0\u00bbon\u00a0\u00bb gutter_width=\u00a0\u00bb1&Prime; make_equal=\u00a0\u00bbon\u00a0\u00bb _builder_version=\u00a0\u00bb4.27.4&Prime; _module_preset=\u00a0\u00bbdefault\u00a0\u00bb background_enable_color=\u00a0\u00bboff\u00a0\u00bb width=\u00a0\u00bb100%\u00a0\u00bb max_width=\u00a0\u00bb100%\u00a0\u00bb custom_padding=\u00a0\u00bb0px||0px||true|false\u00a0\u00bb global_colors_info=\u00a0\u00bb{}\u00a0\u00bb][et_pb_column type=\u00a0\u00bb1_2&Prime; _builder_version=\u00a0\u00bb4.27.4&Prime; _module_preset=\u00a0\u00bbdefault\u00a0\u00bb background_color=\u00a0\u00bb#DBC8B0&Prime; background_enable_image=\u00a0\u00bboff\u00a0\u00bb global_colors_info=\u00a0\u00bb{}\u00a0\u00bb][et_pb_divider show_divider=\u00a0\u00bboff\u00a0\u00bb _builder_version=\u00a0\u00bb4.27.4&Prime; _module_preset=\u00a0\u00bbdefault\u00a0\u00bb height_tablet=\u00a0\u00bb40vw\u00a0\u00bb height_phone=\u00a0\u00bb40vw\u00a0\u00bb height_last_edited=\u00a0\u00bbon|desktop\u00a0\u00bb custom_margin=\u00a0\u00bb||143px|||\u00a0\u00bb global_colors_info=\u00a0\u00bb{}\u00a0\u00bb][\/et_pb_divider][et_pb_text _builder_version=\u00a0\u00bb4.27.4&Prime; _module_preset=\u00a0\u00bbdefault\u00a0\u00bb text_font=\u00a0\u00bbAmiri||||||||\u00a0\u00bb text_text_color=\u00a0\u00bb#000000&Prime; text_font_size=\u00a0\u00bb17px\u00a0\u00bb text_orientation=\u00a0\u00bbcenter\u00a0\u00bb width=\u00a0\u00bb64%\u00a0\u00bb width_tablet=\u00a0\u00bb64%\u00a0\u00bb width_phone=\u00a0\u00bb80%\u00a0\u00bb width_last_edited=\u00a0\u00bbon|phone\u00a0\u00bb module_alignment=\u00a0\u00bbcenter\u00a0\u00bb custom_margin=\u00a0\u00bb3px||||false|false\u00a0\u00bb custom_margin_tablet=\u00a0\u00bb3px||||false|false\u00a0\u00bb custom_margin_phone=\u00a0\u00bb-226px||39px||false|false\u00a0\u00bb custom_margin_last_edited=\u00a0\u00bbon|phone\u00a0\u00bb global_colors_info=\u00a0\u00bb{}\u00a0\u00bb]<\/p>\n<p data-renderer-start-pos=\"1892\">Quand j\u2019ai cr\u00e9\u00e9 <strong data-renderer-mark=\"true\">Casa Beaut\u00e9<\/strong>, je ne voulais pas d\u2019un simple cabinet d\u2019\u00e9pilation laser. Je voulais un lieu \u00e0 part, intime, chaleureux, presque secret. Infirmi\u00e8re de formation, j\u2019ai toujours \u00e9t\u00e9 guid\u00e9e par l\u2019envie de prendre soin, d\u2019\u00e9couter, et de cr\u00e9er une vraie relation de confiance.<\/p>\n<p data-renderer-start-pos=\"2177\">C\u2019est pourquoi j\u2019ai choisi <strong>un appartement en plein c\u0153ur de Toulouse, au 7 rue Tolosane.<\/strong> Un espace discret, loin de l\u2019agitation, o\u00f9 chaque d\u00e9tail a \u00e9t\u00e9 pens\u00e9 pour que vous vous sentiez \u00e0 l\u2019aise, comme chez vous. Le cabinet a le charme typique des appartements toulousains, avec ses briques, sa lumi\u00e8re douce et son ambiance apaisante.<\/p>\n<p data-prosemirror-content-type=\"node\" data-prosemirror-node-name=\"paragraph\" data-prosemirror-node-block=\"true\">[\/et_pb_text][\/et_pb_column][et_pb_column type=\u00a0\u00bb1_2&Prime; _builder_version=\u00a0\u00bb4.27.4&Prime; _module_preset=\u00a0\u00bbdefault\u00a0\u00bb background_image=\u00a0\u00bbhttps:\/\/casabeaute.fr\/wp-content\/uploads\/2025\/05\/casa-beaute-toulouse-epilation-definitive-laser-corps-visage-electrolyse_-7.jpg\u00a0\u00bb custom_padding=\u00a0\u00bb10%|4%|10%|8%|true|false\u00a0\u00bb global_colors_info=\u00a0\u00bb{}\u00a0\u00bb][et_pb_text _builder_version=\u00a0\u00bb4.27.4&Prime; _module_preset=\u00a0\u00bbc16985e1-e0d6-4022-964d-e2bfc04fa633&Prime; text_font=\u00a0\u00bbAmiri||||||||\u00a0\u00bb text_text_color=\u00a0\u00bb#FFFFFF\u00a0\u00bb text_font_size=\u00a0\u00bb31px\u00a0\u00bb text_line_height=\u00a0\u00bb1.8em\u00a0\u00bb header_font=\u00a0\u00bbAmiri|||on|||||\u00a0\u00bb header_text_color=\u00a0\u00bb#FFFFFF\u00a0\u00bb header_font_size=\u00a0\u00bb36px\u00a0\u00bb header_line_height=\u00a0\u00bb1.1em\u00a0\u00bb header_5_font=\u00a0\u00bbAmiri|700|||||||\u00a0\u00bb header_5_text_align=\u00a0\u00bbcenter\u00a0\u00bb header_5_text_color=\u00a0\u00bb#FFFFFF\u00a0\u00bb header_5_font_size=\u00a0\u00bb25px\u00a0\u00bb header_5_line_height=\u00a0\u00bb1.1em\u00a0\u00bb text_orientation=\u00a0\u00bbcenter\u00a0\u00bb custom_margin=\u00a0\u00bb67px||30px||false|false\u00a0\u00bb header_font_size_tablet=\u00a0\u00bb40px\u00a0\u00bb header_font_size_phone=\u00a0\u00bb24px\u00a0\u00bb header_font_size_last_edited=\u00a0\u00bbon|desktop\u00a0\u00bb global_colors_info=\u00a0\u00bb{}\u00a0\u00bb]<\/p>\n<p data-renderer-start-pos=\"2512\">Poussez la porte, vous \u00eates ici chez vous.<\/p>\n<p>[\/et_pb_text][et_pb_button button_url=\u00a0\u00bbhttps:\/\/www.planity.com\/casa-beaute-31000-toulouse\u00a0\u00bb button_text=\u00a0\u00bbPrendre rendez-vous\u00a0\u00bb button_alignment=\u00a0\u00bbcenter\u00a0\u00bb _builder_version=\u00a0\u00bb4.27.4&Prime; _module_preset=\u00a0\u00bb31b4f027-aaa0-4f2f-ae02-959764e19e4f\u00a0\u00bb custom_button=\u00a0\u00bbon\u00a0\u00bb button_text_size=\u00a0\u00bb17px\u00a0\u00bb button_text_color=\u00a0\u00bb#FFFFFF\u00a0\u00bb button_bg_color=\u00a0\u00bb#DBC8B0&Prime; button_border_width=\u00a0\u00bb0px\u00a0\u00bb button_border_radius=\u00a0\u00bb0px\u00a0\u00bb button_font=\u00a0\u00bbAmiri|700||on|||||\u00a0\u00bb button_icon=\u00a0\u00bb&#xe030;||divi||400&Prime; button_icon_color=\u00a0\u00bb#FFFFFF\u00a0\u00bb custom_margin=\u00a0\u00bb-27px||75px||false|false\u00a0\u00bb custom_padding=\u00a0\u00bb16px|24px|16px|24px|true|true\u00a0\u00bb global_colors_info=\u00a0\u00bb{}\u00a0\u00bb][\/et_pb_button][\/et_pb_column][\/et_pb_row][\/et_pb_section][et_pb_section fb_built=\u00a0\u00bb1&Prime; _builder_version=\u00a0\u00bb4.27.4&Prime; _module_preset=\u00a0\u00bbdefault\u00a0\u00bb background_enable_color=\u00a0\u00bboff\u00a0\u00bb global_colors_info=\u00a0\u00bb{}\u00a0\u00bb][et_pb_row column_structure=\u00a0\u00bb1_2,1_2&Prime; _builder_version=\u00a0\u00bb4.27.4&Prime; _module_preset=\u00a0\u00bbdefault\u00a0\u00bb global_colors_info=\u00a0\u00bb{}\u00a0\u00bb][et_pb_column type=\u00a0\u00bb1_2&Prime; _builder_version=\u00a0\u00bb4.27.4&Prime; _module_preset=\u00a0\u00bbdefault\u00a0\u00bb global_colors_info=\u00a0\u00bb{}\u00a0\u00bb][et_pb_image src=\u00a0\u00bbhttps:\/\/casabeaute.fr\/wp-content\/uploads\/2025\/04\/casa-beaute-toulouse-epilation-laser-corps-visage-electrolyse_epilation-laser-peau-claire-peau-foncee.jpg\u00a0\u00bb title_text=\u00a0\u00bbcasa-beaute-toulouse-epilation-laser-corps-visage-electrolyse_\u00e9pilation-laser-peau-claire-peau-foncee\u00a0\u00bb _builder_version=\u00a0\u00bb4.27.4&Prime; _module_preset=\u00a0\u00bbdefault\u00a0\u00bb global_colors_info=\u00a0\u00bb{}\u00a0\u00bb][\/et_pb_image][\/et_pb_column][et_pb_column type=\u00a0\u00bb1_2&Prime; _builder_version=\u00a0\u00bb4.27.4&Prime; _module_preset=\u00a0\u00bbdefault\u00a0\u00bb global_colors_info=\u00a0\u00bb{}\u00a0\u00bb][et_pb_image src=\u00a0\u00bbhttps:\/\/casabeaute.fr\/wp-content\/uploads\/2025\/05\/casa-beaute-toulouse-epilation-definitive-laser-corps-visage-electrolyse_-14.jpg\u00a0\u00bb title_text=\u00a0\u00bbcasa-beaute-toulouse-epilation-definitive-laser-corps-visage-electrolyse_-14&Prime; _builder_version=\u00a0\u00bb4.27.4&Prime; _module_preset=\u00a0\u00bbdefault\u00a0\u00bb global_colors_info=\u00a0\u00bb{}\u00a0\u00bb][\/et_pb_image][\/et_pb_column][\/et_pb_row][et_pb_row _builder_version=\u00a0\u00bb4.27.4&Prime; _module_preset=\u00a0\u00bbdefault\u00a0\u00bb global_colors_info=\u00a0\u00bb{}\u00a0\u00bb][et_pb_column type=\u00a0\u00bb4_4&Prime; _builder_version=\u00a0\u00bb4.27.4&Prime; _module_preset=\u00a0\u00bbdefault\u00a0\u00bb global_colors_info=\u00a0\u00bb{}\u00a0\u00bb][et_pb_image src=\u00a0\u00bbhttps:\/\/casabeaute.fr\/wp-content\/uploads\/2025\/04\/casa-beaute-centre-epilation-definitive-laser-toulouse.jpg\u00a0\u00bb title_text=\u00a0\u00bbcasa-beaute-centre-epilation-definitive-laser-toulouse\u00a0\u00bb _builder_version=\u00a0\u00bb4.27.4&Prime; _module_preset=\u00a0\u00bbdefault\u00a0\u00bb global_colors_info=\u00a0\u00bb{}\u00a0\u00bb][\/et_pb_image][\/et_pb_column][\/et_pb_row][et_pb_row column_structure=\u00a0\u00bb1_2,1_2&Prime; _builder_version=\u00a0\u00bb4.27.4&Prime; _module_preset=\u00a0\u00bbdefault\u00a0\u00bb global_colors_info=\u00a0\u00bb{}\u00a0\u00bb][et_pb_column type=\u00a0\u00bb1_2&Prime; _builder_version=\u00a0\u00bb4.27.4&Prime; _module_preset=\u00a0\u00bbdefault\u00a0\u00bb global_colors_info=\u00a0\u00bb{}\u00a0\u00bb][et_pb_image src=\u00a0\u00bbhttps:\/\/casabeaute.fr\/wp-content\/uploads\/2025\/05\/casa-beaute-toulouse-epilation-definitive-laser-corps-visage-electrolyse_-20.jpg\u00a0\u00bb title_text=\u00a0\u00bbcasa-beaute-toulouse-epilation-definitive-laser-corps-visage-electrolyse_-20&Prime; _builder_version=\u00a0\u00bb4.27.4&Prime; _module_preset=\u00a0\u00bbdefault\u00a0\u00bb global_colors_info=\u00a0\u00bb{}\u00a0\u00bb][\/et_pb_image][\/et_pb_column][et_pb_column type=\u00a0\u00bb1_2&Prime; _builder_version=\u00a0\u00bb4.27.4&Prime; _module_preset=\u00a0\u00bbdefault\u00a0\u00bb global_colors_info=\u00a0\u00bb{}\u00a0\u00bb][et_pb_image src=\u00a0\u00bbhttps:\/\/casabeaute.fr\/wp-content\/uploads\/2025\/05\/casa-beaute-toulouse-epilation-definitive-laser-corps-visage-electrolyse_-11.jpg\u00a0\u00bb title_text=\u00a0\u00bbcasa-beaute-toulouse-epilation-definitive-laser-corps-visage-electrolyse_-11&Prime; _builder_version=\u00a0\u00bb4.27.4&Prime; _module_preset=\u00a0\u00bbdefault\u00a0\u00bb global_colors_info=\u00a0\u00bb{}\u00a0\u00bb][\/et_pb_image][\/et_pb_column][\/et_pb_row][\/et_pb_section]<\/p>\n","protected":false},"excerpt":{"rendered":"<p>L&rsquo;expertise d\u2019une infirmi\u00e8re, au service de votre peauBienvenue chez Casa beaut\u00e9, un espace rien que pour vousBonjour, moi c\u2019est Rozenn. Depuis toute petite, j\u2019ai toujours \u00e9t\u00e9 fascin\u00e9e par l\u2019univers de l\u2019esth\u00e9tique. Ce monde du soin, du beau, du d\u00e9tail\u2026 Il m\u2019attirait, sans que je sache encore exactement pourquoi. Plus tard, c\u2019est vers le m\u00e9tier d\u2019infirmi\u00e8re [&hellip;]<\/p>\n","protected":false},"author":1,"featured_media":0,"parent":0,"menu_order":0,"comment_status":"closed","ping_status":"closed","template":"","meta":{"_et_pb_use_builder":"on","_et_pb_old_content":"<!-- wp:divi\/placeholder \/-->","_et_gb_content_width":"","footnotes":""},"class_list":["post-142","page","type-page","status-publish","hentry"],"yoast_head":"<!-- This site is optimized with the Yoast SEO plugin v27.4 - https:\/\/yoast.com\/product\/yoast-seo-wordpress\/ -->\n<title>\u00c0 propos - Casa beaut\u00e9<\/title>\n<meta name=\"robots\" content=\"index, follow, max-snippet:-1, max-image-preview:large, max-video-preview:-1\" \/>\n<link rel=\"canonical\" href=\"https:\/\/casabeaute.fr\/index.php\/a-propos\/\" \/>\n<meta property=\"og:locale\" content=\"fr_FR\" \/>\n<meta property=\"og:type\" content=\"article\" \/>\n<meta property=\"og:title\" content=\"\u00c0 propos - Casa beaut\u00e9\" \/>\n<meta property=\"og:description\" content=\"L&#039;expertise d\u2019une infirmi\u00e8re, au service de votre peauBienvenue chez Casa beaut\u00e9, un espace rien que pour vousBonjour, moi c\u2019est Rozenn. Depuis toute petite, j\u2019ai toujours \u00e9t\u00e9 fascin\u00e9e par l\u2019univers de l\u2019esth\u00e9tique. Ce monde du soin, du beau, du d\u00e9tail\u2026 Il m\u2019attirait, sans que je sache encore exactement pourquoi. Plus tard, c\u2019est vers le m\u00e9tier d\u2019infirmi\u00e8re [&hellip;]\" \/>\n<meta property=\"og:url\" content=\"https:\/\/casabeaute.fr\/index.php\/a-propos\/\" \/>\n<meta property=\"og:site_name\" content=\"Casa beaut\u00e9\" \/>\n<meta property=\"article:modified_time\" content=\"2025-05-23T09:26:39+00:00\" \/>\n<meta name=\"twitter:card\" content=\"summary_large_image\" \/>\n<script type=\"application\/ld+json\" class=\"yoast-schema-graph\">{\"@context\":\"https:\\\/\\\/schema.org\",\"@graph\":[{\"@type\":\"WebPage\",\"@id\":\"https:\\\/\\\/casabeaute.fr\\\/index.php\\\/a-propos\\\/\",\"url\":\"https:\\\/\\\/casabeaute.fr\\\/index.php\\\/a-propos\\\/\",\"name\":\"\u00c0 propos - Casa beaut\u00e9\",\"isPartOf\":{\"@id\":\"https:\\\/\\\/casabeaute.fr\\\/#website\"},\"datePublished\":\"2025-04-23T14:42:22+00:00\",\"dateModified\":\"2025-05-23T09:26:39+00:00\",\"breadcrumb\":{\"@id\":\"https:\\\/\\\/casabeaute.fr\\\/index.php\\\/a-propos\\\/#breadcrumb\"},\"inLanguage\":\"fr-FR\",\"potentialAction\":[{\"@type\":\"ReadAction\",\"target\":[\"https:\\\/\\\/casabeaute.fr\\\/index.php\\\/a-propos\\\/\"]}]},{\"@type\":\"BreadcrumbList\",\"@id\":\"https:\\\/\\\/casabeaute.fr\\\/index.php\\\/a-propos\\\/#breadcrumb\",\"itemListElement\":[{\"@type\":\"ListItem\",\"position\":1,\"name\":\"Accueil\",\"item\":\"https:\\\/\\\/casabeaute.fr\\\/\"},{\"@type\":\"ListItem\",\"position\":2,\"name\":\"\u00c0 propos\"}]},{\"@type\":\"WebSite\",\"@id\":\"https:\\\/\\\/casabeaute.fr\\\/#website\",\"url\":\"https:\\\/\\\/casabeaute.fr\\\/\",\"name\":\"Casa beaut\u00e9\",\"description\":\"Votre centre sp\u00e9cialis\u00e9 en \u00e9pilation laser \u00e0 Toulouse\",\"potentialAction\":[{\"@type\":\"SearchAction\",\"target\":{\"@type\":\"EntryPoint\",\"urlTemplate\":\"https:\\\/\\\/casabeaute.fr\\\/?s={search_term_string}\"},\"query-input\":{\"@type\":\"PropertyValueSpecification\",\"valueRequired\":true,\"valueName\":\"search_term_string\"}}],\"inLanguage\":\"fr-FR\"}]}<\/script>\n<!-- \/ Yoast SEO plugin. -->","yoast_head_json":{"title":"\u00c0 propos - Casa beaut\u00e9","robots":{"index":"index","follow":"follow","max-snippet":"max-snippet:-1","max-image-preview":"max-image-preview:large","max-video-preview":"max-video-preview:-1"},"canonical":"https:\/\/casabeaute.fr\/index.php\/a-propos\/","og_locale":"fr_FR","og_type":"article","og_title":"\u00c0 propos - Casa beaut\u00e9","og_description":"L'expertise d\u2019une infirmi\u00e8re, au service de votre peauBienvenue chez Casa beaut\u00e9, un espace rien que pour vousBonjour, moi c\u2019est Rozenn. Depuis toute petite, j\u2019ai toujours \u00e9t\u00e9 fascin\u00e9e par l\u2019univers de l\u2019esth\u00e9tique. Ce monde du soin, du beau, du d\u00e9tail\u2026 Il m\u2019attirait, sans que je sache encore exactement pourquoi. Plus tard, c\u2019est vers le m\u00e9tier d\u2019infirmi\u00e8re [&hellip;]","og_url":"https:\/\/casabeaute.fr\/index.php\/a-propos\/","og_site_name":"Casa beaut\u00e9","article_modified_time":"2025-05-23T09:26:39+00:00","twitter_card":"summary_large_image","schema":{"@context":"https:\/\/schema.org","@graph":[{"@type":"WebPage","@id":"https:\/\/casabeaute.fr\/index.php\/a-propos\/","url":"https:\/\/casabeaute.fr\/index.php\/a-propos\/","name":"\u00c0 propos - Casa beaut\u00e9","isPartOf":{"@id":"https:\/\/casabeaute.fr\/#website"},"datePublished":"2025-04-23T14:42:22+00:00","dateModified":"2025-05-23T09:26:39+00:00","breadcrumb":{"@id":"https:\/\/casabeaute.fr\/index.php\/a-propos\/#breadcrumb"},"inLanguage":"fr-FR","potentialAction":[{"@type":"ReadAction","target":["https:\/\/casabeaute.fr\/index.php\/a-propos\/"]}]},{"@type":"BreadcrumbList","@id":"https:\/\/casabeaute.fr\/index.php\/a-propos\/#breadcrumb","itemListElement":[{"@type":"ListItem","position":1,"name":"Accueil","item":"https:\/\/casabeaute.fr\/"},{"@type":"ListItem","position":2,"name":"\u00c0 propos"}]},{"@type":"WebSite","@id":"https:\/\/casabeaute.fr\/#website","url":"https:\/\/casabeaute.fr\/","name":"Casa beaut\u00e9","description":"Votre centre sp\u00e9cialis\u00e9 en \u00e9pilation laser \u00e0 Toulouse","potentialAction":[{"@type":"SearchAction","target":{"@type":"EntryPoint","urlTemplate":"https:\/\/casabeaute.fr\/?s={search_term_string}"},"query-input":{"@type":"PropertyValueSpecification","valueRequired":true,"valueName":"search_term_string"}}],"inLanguage":"fr-FR"}]}},"_links":{"self":[{"href":"https:\/\/casabeaute.fr\/index.php\/wp-json\/wp\/v2\/pages\/142","targetHints":{"allow":["GET"]}}],"collection":[{"href":"https:\/\/casabeaute.fr\/index.php\/wp-json\/wp\/v2\/pages"}],"about":[{"href":"https:\/\/casabeaute.fr\/index.php\/wp-json\/wp\/v2\/types\/page"}],"author":[{"embeddable":true,"href":"https:\/\/casabeaute.fr\/index.php\/wp-json\/wp\/v2\/users\/1"}],"replies":[{"embeddable":true,"href":"https:\/\/casabeaute.fr\/index.php\/wp-json\/wp\/v2\/comments?post=142"}],"version-history":[{"count":23,"href":"https:\/\/casabeaute.fr\/index.php\/wp-json\/wp\/v2\/pages\/142\/revisions"}],"predecessor-version":[{"id":828,"href":"https:\/\/casabeaute.fr\/index.php\/wp-json\/wp\/v2\/pages\/142\/revisions\/828"}],"wp:attachment":[{"href":"https:\/\/casabeaute.fr\/index.php\/wp-json\/wp\/v2\/media?parent=142"}],"curies":[{"name":"wp","href":"https:\/\/api.w.org\/{rel}","templated":true}]}}